{"id":8075,"date":"2023-05-03T07:53:29","date_gmt":"2023-05-03T11:53:29","guid":{"rendered":"https:\/\/detekta.ca\/politique-de-confidentialite\/"},"modified":"2025-09-04T21:18:42","modified_gmt":"2025-09-05T01:18:42","slug":"privacy-policy","status":"publish","type":"page","link":"https:\/\/detekta.ca\/en\/privacy-policy\/","title":{"rendered":"Privacy policy"},"content":{"rendered":"<p><strong>Responsable de l&#8217;acc\u00e8s aux documents ou de la protection des renseignements personnels<\/strong><\/p>\n<p>Detekta a nomm\u00e9 la personne suivante \u00e0 titre de responsable de l&#8217;application des lois et r\u00e8glements applicables en mati\u00e8re de protection des renseignements personnels et est, \u00e0 ce titre, \u00e9galement charg\u00e9e de veiller au respect de cette politique. Pour formuler des commentaires ou une plainte au sujet du non-respect de cette politique, vous pouvez communiquer avec :<\/p>\n<p><strong>Simon-Olivier F. Trudel<\/strong><br \/>\n<em>Directeur des op\u00e9rations<\/em><br \/>\nDetekta<br \/>\n445 Avenue Saint-Jean-Baptiste, local 360, Qu\u00e9bec, QC, G2E 5N7<\/p>\n<p><strong>Courriel :<\/strong> <a href=\"mailto:simon-olivierftrudel@detekta.ca\">simon-olivierftrudel@detekta.ca<\/a><\/p>\n<p><strong>T\u00e9l\u00e9phone :<\/strong> <a href=\"tel:1-877-871-6829\">1 (877)-871-6829 #102<\/a><\/p>\n<p><strong>Mise \u00e0 jour le :<\/strong> 30 octobre 2023<\/p>\n","protected":false},"excerpt":{"rendered":"","protected":false},"author":1,"featured_media":0,"parent":0,"menu_order":0,"comment_status":"closed","ping_status":"closed","template":"","meta":{"_acf_changed":false,"footnotes":""},"class_list":["post-8075","page","type-page","status-publish","hentry"],"acf":[],"yoast_head":"<!-- This site is optimized with the Yoast SEO plugin v26.9 - https:\/\/yoast.com\/product\/yoast-seo-wordpress\/ -->\n<title>Privacy policy - Detekta Solutions<\/title>\n<meta name=\"robots\" content=\"index, follow, max-snippet:-1, max-image-preview:large, max-video-preview:-1\" \/>\n<link rel=\"canonical\" href=\"https:\/\/detekta.ca\/en\/privacy-policy\/\" \/>\n<meta property=\"og:locale\" content=\"en_US\" \/>\n<meta property=\"og:type\" content=\"article\" \/>\n<meta property=\"og:title\" content=\"Privacy policy - Detekta Solutions\" \/>\n<meta property=\"og:url\" content=\"https:\/\/detekta.ca\/en\/privacy-policy\/\" \/>\n<meta property=\"og:site_name\" content=\"Detekta Solutions\" \/>\n<meta property=\"article:publisher\" content=\"https:\/\/www.facebook.com\/detektasolutions\/\" \/>\n<meta property=\"article:modified_time\" content=\"2025-09-05T01:18:42+00:00\" \/>\n<meta property=\"og:image\" content=\"http:\/\/detekta.bravad-dev.com\/wp-content\/uploads\/2017\/05\/share.jpg\" \/>\n<meta name=\"twitter:card\" content=\"summary_large_image\" \/>\n<meta name=\"twitter:label1\" content=\"Est. reading time\" \/>\n\t<meta name=\"twitter:data1\" content=\"1 minute\" \/>\n<script type=\"application\/ld+json\" class=\"yoast-schema-graph\">{\"@context\":\"https:\/\/schema.org\",\"@graph\":[{\"@type\":\"WebPage\",\"@id\":\"https:\/\/detekta.ca\/en\/privacy-policy\/\",\"url\":\"https:\/\/detekta.ca\/en\/privacy-policy\/\",\"name\":\"Privacy policy - Detekta Solutions\",\"isPartOf\":{\"@id\":\"https:\/\/detekta.ca\/#website\"},\"datePublished\":\"2023-05-03T11:53:29+00:00\",\"dateModified\":\"2025-09-05T01:18:42+00:00\",\"inLanguage\":\"en-US\",\"potentialAction\":[{\"@type\":\"ReadAction\",\"target\":[\"https:\/\/detekta.ca\/en\/privacy-policy\/\"]}]},{\"@type\":\"WebSite\",\"@id\":\"https:\/\/detekta.ca\/#website\",\"url\":\"https:\/\/detekta.ca\/\",\"name\":\"Detekta Solutions\",\"description\":\"\",\"potentialAction\":[{\"@type\":\"SearchAction\",\"target\":{\"@type\":\"EntryPoint\",\"urlTemplate\":\"https:\/\/detekta.ca\/?s={search_term_string}\"},\"query-input\":{\"@type\":\"PropertyValueSpecification\",\"valueRequired\":true,\"valueName\":\"search_term_string\"}}],\"inLanguage\":\"en-US\"}]}<\/script>\n<!-- \/ Yoast SEO plugin. -->","yoast_head_json":{"title":"Privacy policy - Detekta Solutions","robots":{"index":"index","follow":"follow","max-snippet":"max-snippet:-1","max-image-preview":"max-image-preview:large","max-video-preview":"max-video-preview:-1"},"canonical":"https:\/\/detekta.ca\/en\/privacy-policy\/","og_locale":"en_US","og_type":"article","og_title":"Privacy policy - Detekta Solutions","og_url":"https:\/\/detekta.ca\/en\/privacy-policy\/","og_site_name":"Detekta Solutions","article_publisher":"https:\/\/www.facebook.com\/detektasolutions\/","article_modified_time":"2025-09-05T01:18:42+00:00","og_image":[{"url":"http:\/\/detekta.bravad-dev.com\/wp-content\/uploads\/2017\/05\/share.jpg","type":"","width":"","height":""}],"twitter_card":"summary_large_image","twitter_misc":{"Est. reading time":"1 minute"},"schema":{"@context":"https:\/\/schema.org","@graph":[{"@type":"WebPage","@id":"https:\/\/detekta.ca\/en\/privacy-policy\/","url":"https:\/\/detekta.ca\/en\/privacy-policy\/","name":"Privacy policy - Detekta Solutions","isPartOf":{"@id":"https:\/\/detekta.ca\/#website"},"datePublished":"2023-05-03T11:53:29+00:00","dateModified":"2025-09-05T01:18:42+00:00","inLanguage":"en-US","potentialAction":[{"@type":"ReadAction","target":["https:\/\/detekta.ca\/en\/privacy-policy\/"]}]},{"@type":"WebSite","@id":"https:\/\/detekta.ca\/#website","url":"https:\/\/detekta.ca\/","name":"Detekta Solutions","description":"","potentialAction":[{"@type":"SearchAction","target":{"@type":"EntryPoint","urlTemplate":"https:\/\/detekta.ca\/?s={search_term_string}"},"query-input":{"@type":"PropertyValueSpecification","valueRequired":true,"valueName":"search_term_string"}}],"inLanguage":"en-US"}]}},"_links":{"self":[{"href":"https:\/\/detekta.ca\/en\/wp-json\/wp\/v2\/pages\/8075","targetHints":{"allow":["GET"]}}],"collection":[{"href":"https:\/\/detekta.ca\/en\/wp-json\/wp\/v2\/pages"}],"about":[{"href":"https:\/\/detekta.ca\/en\/wp-json\/wp\/v2\/types\/page"}],"author":[{"embeddable":true,"href":"https:\/\/detekta.ca\/en\/wp-json\/wp\/v2\/users\/1"}],"replies":[{"embeddable":true,"href":"https:\/\/detekta.ca\/en\/wp-json\/wp\/v2\/comments?post=8075"}],"version-history":[{"count":0,"href":"https:\/\/detekta.ca\/en\/wp-json\/wp\/v2\/pages\/8075\/revisions"}],"wp:attachment":[{"href":"https:\/\/detekta.ca\/en\/wp-json\/wp\/v2\/media?parent=8075"}],"curies":[{"name":"wp","href":"https:\/\/api.w.org\/{rel}","templated":true}]}}