{"id":769,"date":"2016-10-03T18:48:37","date_gmt":"2016-10-03T22:48:37","guid":{"rendered":"http:\/\/detekta.bravad-dev.com\/services\/"},"modified":"2025-09-04T23:40:22","modified_gmt":"2025-09-05T03:40:22","slug":"services","status":"publish","type":"page","link":"https:\/\/detekta.ca\/en\/services\/","title":{"rendered":"Services"},"content":{"rendered":"<h1>Les sp\u00e9cialistes de la d\u00e9tection de gaz au Qu\u00e9bec<\/h1>\n<p>Detekta Solutions brings years of expertise in gas detection, from assessing needs and installing gas detectors to providing after-sales service.<\/p>\n<p>We have a team of ten qualified, certified specialists in the maintenance of fixed and portable gas detection systems. Our clients include provincial, federal, and municipal institutions, as well as numerous private organizations.<\/p>\n<h2><u>Our services:<\/u><\/h2>\n<ul>\n<li>Assessment of your needs and <strong>free<\/strong> quote<\/li>\n<li>Sales and installation of fixed gas detection systems<\/li>\n<li>Sales of portable gas detectors<\/li>\n<li>System startup<\/li>\n<li>Inspection, maintenance, and calibration of fixed systems<\/li>\n<li>Maintenance and calibration of portable systems<\/li>\n<li>Issuance of compliance certificate<\/li>\n<li>24\/7 emergency response<\/li>\n<li>Training and technical assistance<\/li>\n<\/ul>\n<h2><strong>The Detekta Solutions advantage<\/strong> :<\/h2>\n<ul>\n<li>Extensive service network across the province<\/li>\n<li>Optimal response times for service calls<\/li>\n<li>Mobile units equipped with parts for single-visit repairs<\/li>\n<\/ul>\n<p>&nbsp;<\/p>\n<p class=\"text-center\"><a class=\"btn btn-primary\" href=\"\/en\/get-a-quote\/\">Request a quote<\/a><\/p>\n<p>&nbsp;<\/p>\n<h2><strong>Comprehensive assistance<\/strong><\/h2>\n<p>Whatever level of assistance you require, on-site or by phone, our team of experts delivers personalized, high-quality service. We are available for any emergencies or questions related to your equipment. At Detekta Solutions, we prioritize safety and ensure client satisfaction.<\/p>\n<h2><strong>Integrity testing<\/strong><\/h2>\n<p>Gas response verification is available through an integrity test and detector calibration service. We supply assistance with the use and maintenance of the devices as well.<\/p>\n<h2><strong>Preventive inspections<\/strong><\/h2>\n<p>Proper inspections optimize device performance and improve financial outcomes. We offer a customized preventive inspection program to ensure your equipment operates at peak efficiency. You will receive a certificate confirming the system\u2019s proper functioning.<\/p>\n<h2><strong>On-site service and maintenance<\/strong><\/h2>\n<p>We quickly resolve your technical issues on-site, minimizing downtime. Contact our emergency services in your area for more information.<\/p>\n<h2><strong>Commissioning<\/strong><\/h2>\n<p>We verify the installation and proper functioning of your system and give valuable tips on its operation.<\/p>\n","protected":false},"excerpt":{"rendered":"","protected":false},"author":1,"featured_media":5314,"parent":0,"menu_order":15,"comment_status":"closed","ping_status":"closed","template":"","meta":{"_acf_changed":false,"footnotes":""},"class_list":["post-769","page","type-page","status-publish","has-post-thumbnail","hentry"],"acf":[],"yoast_head":"<!-- This site is optimized with the Yoast SEO plugin v26.9 - https:\/\/yoast.com\/product\/yoast-seo-wordpress\/ -->\n<title>Services - Detekta Solutions<\/title>\n<meta name=\"description\" content=\"Detekta Solutions offers calibration, maintenance, and inspection services with more than 35 years of experience throughout the province of Quebec.\" \/>\n<meta name=\"robots\" content=\"index, follow, max-snippet:-1, max-image-preview:large, max-video-preview:-1\" \/>\n<link rel=\"canonical\" href=\"https:\/\/detekta.ca\/en\/services\/\" \/>\n<meta property=\"og:locale\" content=\"en_US\" \/>\n<meta property=\"og:type\" content=\"article\" \/>\n<meta property=\"og:title\" content=\"Services - Detekta Solutions\" \/>\n<meta property=\"og:description\" content=\"Detekta Solutions offers calibration, maintenance, and inspection services with more than 35 years of experience throughout the province of Quebec.\" \/>\n<meta property=\"og:url\" content=\"https:\/\/detekta.ca\/en\/services\/\" \/>\n<meta property=\"og:site_name\" content=\"Detekta Solutions\" \/>\n<meta property=\"article:publisher\" content=\"https:\/\/www.facebook.com\/detektasolutions\/\" \/>\n<meta property=\"article:modified_time\" content=\"2025-09-05T03:40:22+00:00\" \/>\n<meta property=\"og:image\" content=\"https:\/\/detekta.ca\/wp-content\/uploads\/2022\/10\/services-scaled.jpg\" \/>\n\t<meta property=\"og:image:width\" content=\"2560\" \/>\n\t<meta property=\"og:image:height\" content=\"908\" \/>\n\t<meta property=\"og:image:type\" content=\"image\/jpeg\" \/>\n<meta name=\"twitter:card\" content=\"summary_large_image\" \/>\n<meta name=\"twitter:label1\" content=\"Est. reading time\" \/>\n\t<meta name=\"twitter:data1\" content=\"2 minutes\" \/>\n<script type=\"application\/ld+json\" class=\"yoast-schema-graph\">{\"@context\":\"https:\/\/schema.org\",\"@graph\":[{\"@type\":\"WebPage\",\"@id\":\"https:\/\/detekta.ca\/en\/services\/\",\"url\":\"https:\/\/detekta.ca\/en\/services\/\",\"name\":\"Services - Detekta Solutions\",\"isPartOf\":{\"@id\":\"https:\/\/detekta.ca\/#website\"},\"primaryImageOfPage\":{\"@id\":\"https:\/\/detekta.ca\/en\/services\/#primaryimage\"},\"image\":{\"@id\":\"https:\/\/detekta.ca\/en\/services\/#primaryimage\"},\"thumbnailUrl\":\"https:\/\/detekta.ca\/wp-content\/uploads\/2022\/10\/services-scaled.jpg\",\"datePublished\":\"2016-10-03T22:48:37+00:00\",\"dateModified\":\"2025-09-05T03:40:22+00:00\",\"description\":\"Detekta Solutions offers calibration, maintenance, and inspection services with more than 35 years of experience throughout the province of Quebec.\",\"inLanguage\":\"en-US\",\"potentialAction\":[{\"@type\":\"ReadAction\",\"target\":[\"https:\/\/detekta.ca\/en\/services\/\"]}]},{\"@type\":\"ImageObject\",\"inLanguage\":\"en-US\",\"@id\":\"https:\/\/detekta.ca\/en\/services\/#primaryimage\",\"url\":\"https:\/\/detekta.ca\/wp-content\/uploads\/2022\/10\/services-scaled.jpg\",\"contentUrl\":\"https:\/\/detekta.ca\/wp-content\/uploads\/2022\/10\/services-scaled.jpg\",\"width\":2560,\"height\":908,\"caption\":\"Services de d\u00e9tection de gaz\"},{\"@type\":\"WebSite\",\"@id\":\"https:\/\/detekta.ca\/#website\",\"url\":\"https:\/\/detekta.ca\/\",\"name\":\"Detekta Solutions\",\"description\":\"\",\"potentialAction\":[{\"@type\":\"SearchAction\",\"target\":{\"@type\":\"EntryPoint\",\"urlTemplate\":\"https:\/\/detekta.ca\/?s={search_term_string}\"},\"query-input\":{\"@type\":\"PropertyValueSpecification\",\"valueRequired\":true,\"valueName\":\"search_term_string\"}}],\"inLanguage\":\"en-US\"}]}<\/script>\n<!-- \/ Yoast SEO plugin. -->","yoast_head_json":{"title":"Services - Detekta Solutions","description":"Detekta Solutions offers calibration, maintenance, and inspection services with more than 35 years of experience throughout the province of Quebec.","robots":{"index":"index","follow":"follow","max-snippet":"max-snippet:-1","max-image-preview":"max-image-preview:large","max-video-preview":"max-video-preview:-1"},"canonical":"https:\/\/detekta.ca\/en\/services\/","og_locale":"en_US","og_type":"article","og_title":"Services - Detekta Solutions","og_description":"Detekta Solutions offers calibration, maintenance, and inspection services with more than 35 years of experience throughout the province of Quebec.","og_url":"https:\/\/detekta.ca\/en\/services\/","og_site_name":"Detekta Solutions","article_publisher":"https:\/\/www.facebook.com\/detektasolutions\/","article_modified_time":"2025-09-05T03:40:22+00:00","og_image":[{"width":2560,"height":908,"url":"https:\/\/detekta.ca\/wp-content\/uploads\/2022\/10\/services-scaled.jpg","type":"image\/jpeg"}],"twitter_card":"summary_large_image","twitter_misc":{"Est. reading time":"2 minutes"},"schema":{"@context":"https:\/\/schema.org","@graph":[{"@type":"WebPage","@id":"https:\/\/detekta.ca\/en\/services\/","url":"https:\/\/detekta.ca\/en\/services\/","name":"Services - Detekta Solutions","isPartOf":{"@id":"https:\/\/detekta.ca\/#website"},"primaryImageOfPage":{"@id":"https:\/\/detekta.ca\/en\/services\/#primaryimage"},"image":{"@id":"https:\/\/detekta.ca\/en\/services\/#primaryimage"},"thumbnailUrl":"https:\/\/detekta.ca\/wp-content\/uploads\/2022\/10\/services-scaled.jpg","datePublished":"2016-10-03T22:48:37+00:00","dateModified":"2025-09-05T03:40:22+00:00","description":"Detekta Solutions offers calibration, maintenance, and inspection services with more than 35 years of experience throughout the province of Quebec.","inLanguage":"en-US","potentialAction":[{"@type":"ReadAction","target":["https:\/\/detekta.ca\/en\/services\/"]}]},{"@type":"ImageObject","inLanguage":"en-US","@id":"https:\/\/detekta.ca\/en\/services\/#primaryimage","url":"https:\/\/detekta.ca\/wp-content\/uploads\/2022\/10\/services-scaled.jpg","contentUrl":"https:\/\/detekta.ca\/wp-content\/uploads\/2022\/10\/services-scaled.jpg","width":2560,"height":908,"caption":"Services de d\u00e9tection de gaz"},{"@type":"WebSite","@id":"https:\/\/detekta.ca\/#website","url":"https:\/\/detekta.ca\/","name":"Detekta Solutions","description":"","potentialAction":[{"@type":"SearchAction","target":{"@type":"EntryPoint","urlTemplate":"https:\/\/detekta.ca\/?s={search_term_string}"},"query-input":{"@type":"PropertyValueSpecification","valueRequired":true,"valueName":"search_term_string"}}],"inLanguage":"en-US"}]}},"_links":{"self":[{"href":"https:\/\/detekta.ca\/en\/wp-json\/wp\/v2\/pages\/769","targetHints":{"allow":["GET"]}}],"collection":[{"href":"https:\/\/detekta.ca\/en\/wp-json\/wp\/v2\/pages"}],"about":[{"href":"https:\/\/detekta.ca\/en\/wp-json\/wp\/v2\/types\/page"}],"author":[{"embeddable":true,"href":"https:\/\/detekta.ca\/en\/wp-json\/wp\/v2\/users\/1"}],"replies":[{"embeddable":true,"href":"https:\/\/detekta.ca\/en\/wp-json\/wp\/v2\/comments?post=769"}],"version-history":[{"count":0,"href":"https:\/\/detekta.ca\/en\/wp-json\/wp\/v2\/pages\/769\/revisions"}],"wp:featuredmedia":[{"embeddable":true,"href":"https:\/\/detekta.ca\/en\/wp-json\/wp\/v2\/media\/5314"}],"wp:attachment":[{"href":"https:\/\/detekta.ca\/en\/wp-json\/wp\/v2\/media?parent=769"}],"curies":[{"name":"wp","href":"https:\/\/api.w.org\/{rel}","templated":true}]}}