{"id":764,"date":"2016-10-03T18:50:36","date_gmt":"2016-10-03T22:50:36","guid":{"rendered":"http:\/\/detekta.bravad-dev.com\/soumission\/"},"modified":"2025-09-05T01:00:13","modified_gmt":"2025-09-05T05:00:13","slug":"get-a-quote","status":"publish","type":"page","link":"https:\/\/detekta.ca\/en\/get-a-quote\/","title":{"rendered":"Get a Quote"},"content":{"rendered":"<h1><strong>Tell us about your project<\/strong><\/h1>\n<p>Complete the form below to receive your quote within 48 hours.<\/p>\n<form action=\"#ft-2346\" method=\"post\" id=\"ft-2346\" data-speed=\"800\" data-offset=\"0\" data-tag=\"\" class=\"ft-validate\" enctype=\"multipart\/form-data\" novalidate><input type=\"hidden\" id=\"formtastic-2346\" name=\"formtastic-2346\" value=\"85b569f35e\" \/><input type=\"hidden\" name=\"_wp_http_referer\" value=\"\/en\/wp-json\/wp\/v2\/pages\/764\" \/><input type=\"hidden\" name=\"formtastic\" value=\"2346\"><input type=\"hidden\" name=\"firstname\" value=\"\"><input type=\"hidden\" name=\"bypassToEmail\" value=\"\"><input type=\"hidden\" name=\"g-recaptcha-response\" value=\"0\"><input type=\"hidden\" name=\"action\" value=\"formtastic\"><div class=\"ft-row row\"><div class=\"ft-field ft-field--name col-md col-md-6\" data-type=\"name\" data-id=\"ft_611a581950f5d\"><label for=\"ft_611a581950f5d\">Full name <\/label><input type=\"text\" value=\"\" id=\"ft_611a581950f5d\" name=\"ft_611a581950f5d\" placeholder=\"\" class=\"ft-input ft-input--name form-control\" data-msg=\"Enter your full name\" data-rule-required=\"true\" data-rule-ft-name=\"true\"><\/div><div class=\"ft-field ft-field--text col-md col-md-6\" data-type=\"text\" data-id=\"ft_611a582591e47\"><label for=\"ft_611a582591e47\">Company name <\/label><input type=\"text\" value=\"\" id=\"ft_611a582591e47\" name=\"ft_611a582591e47\" placeholder=\"\" class=\"ft-input ft-input--text form-control\" data-msg=\"Enter your company name\" data-rule-required=\"true\"><\/div><div class=\"ft-field ft-field--textarea col-md col-md-12\" data-type=\"textarea\" data-id=\"ft_611a5839d2d0d\"><label for=\"ft_611a5839d2d0d\">Address <\/label><textarea id=\"ft_611a5839d2d0d\" name=\"ft_611a5839d2d0d\" rows=\"3\" placeholder=\"\" class=\"ft-textarea form-control\" data-msg=\"Enter your address\" data-rule-required=\"true\"><\/textarea><\/div><div class=\"ft-field ft-field--email col-md col-md-6\" data-type=\"email\" data-id=\"ft_611a5855518bf\"><label for=\"ft_611a5855518bf\">Email <\/label><input type=\"email\" value=\"\" id=\"ft_611a5855518bf\" name=\"ft_611a5855518bf\" placeholder=\"\" class=\"ft-input ft-input--email form-control\" data-msg=\"Enter your email\" data-rule-required=\"true\" data-rule-ft-email=\"true\"><\/div><div class=\"ft-field ft-field--tel col-md col-md-6\" data-type=\"tel\" data-id=\"ft_611a586307202\"><label for=\"ft_611a586307202\">T\u00e9l\u00e9phone <\/label><input type=\"tel\" value=\"\" id=\"ft_611a586307202\" name=\"ft_611a586307202\" placeholder=\"\" class=\"ft-input ft-input--tel form-control\" data-msg=\"Veuillez entrer votre num\u00e9ro de t\u00e9l\u00e9phone\" data-rule-required=\"true\" data-rule-ft-tel=\"true\"><\/div><div class=\"ft-field ft-field--textarea col-md col-md-12\" data-type=\"textarea\" data-id=\"ft_611a587a5c9a9\"><label for=\"ft_611a587a5c9a9\">Specification or additional information <\/label><textarea id=\"ft_611a587a5c9a9\" name=\"ft_611a587a5c9a9\" rows=\"3\" placeholder=\"\" class=\"ft-textarea form-control\" data-msg=\"This field is required\"><\/textarea><\/div><\/div><div class=\"ft-field ft-field--submit\"><input type=\"submit\" name=\"submit-2346\" class=\"ft-button ft-button--submit btn btn-dark\" value=\"Submit\" \/><\/div><\/form>\n","protected":false},"excerpt":{"rendered":"","protected":false},"author":1,"featured_media":312,"parent":0,"menu_order":40,"comment_status":"closed","ping_status":"closed","template":"","meta":{"_acf_changed":false,"footnotes":""},"class_list":["post-764","page","type-page","status-publish","has-post-thumbnail","hentry"],"acf":[],"yoast_head":"<!-- This site is optimized with the Yoast SEO plugin v26.9 - https:\/\/yoast.com\/product\/yoast-seo-wordpress\/ -->\n<title>Get a Quote - Detekta Solutions<\/title>\n<meta name=\"description\" content=\"Regardless of the type of application, you can contact us and fill out the following quote form to have a quick response in less than 48 hours.\" \/>\n<meta name=\"robots\" content=\"index, follow, max-snippet:-1, max-image-preview:large, max-video-preview:-1\" \/>\n<link rel=\"canonical\" href=\"https:\/\/detekta.ca\/en\/get-a-quote\/\" \/>\n<meta property=\"og:locale\" content=\"en_US\" \/>\n<meta property=\"og:type\" content=\"article\" \/>\n<meta property=\"og:title\" content=\"Get a Quote - Detekta Solutions\" \/>\n<meta property=\"og:description\" content=\"Regardless of the type of application, you can contact us and fill out the following quote form to have a quick response in less than 48 hours.\" \/>\n<meta property=\"og:url\" content=\"https:\/\/detekta.ca\/en\/get-a-quote\/\" \/>\n<meta property=\"og:site_name\" content=\"Detekta Solutions\" \/>\n<meta property=\"article:publisher\" content=\"https:\/\/www.facebook.com\/detektasolutions\/\" \/>\n<meta property=\"article:modified_time\" content=\"2025-09-05T05:00:13+00:00\" \/>\n<meta property=\"og:image\" content=\"https:\/\/detekta.ca\/wp-content\/uploads\/2016\/10\/detekta-soumission-bg.jpg\" \/>\n\t<meta property=\"og:image:width\" content=\"1280\" \/>\n\t<meta property=\"og:image:height\" content=\"474\" \/>\n\t<meta property=\"og:image:type\" content=\"image\/jpeg\" \/>\n<meta name=\"twitter:card\" content=\"summary_large_image\" \/>\n<meta name=\"twitter:label1\" content=\"Est. reading time\" \/>\n\t<meta name=\"twitter:data1\" content=\"1 minute\" \/>\n<script type=\"application\/ld+json\" class=\"yoast-schema-graph\">{\"@context\":\"https:\/\/schema.org\",\"@graph\":[{\"@type\":\"WebPage\",\"@id\":\"https:\/\/detekta.ca\/en\/get-a-quote\/\",\"url\":\"https:\/\/detekta.ca\/en\/get-a-quote\/\",\"name\":\"Get a Quote - Detekta Solutions\",\"isPartOf\":{\"@id\":\"https:\/\/detekta.ca\/#website\"},\"primaryImageOfPage\":{\"@id\":\"https:\/\/detekta.ca\/en\/get-a-quote\/#primaryimage\"},\"image\":{\"@id\":\"https:\/\/detekta.ca\/en\/get-a-quote\/#primaryimage\"},\"thumbnailUrl\":\"https:\/\/detekta.ca\/wp-content\/uploads\/2016\/10\/detekta-soumission-bg.jpg\",\"datePublished\":\"2016-10-03T22:50:36+00:00\",\"dateModified\":\"2025-09-05T05:00:13+00:00\",\"description\":\"Regardless of the type of application, you can contact us and fill out the following quote form to have a quick response in less than 48 hours.\",\"inLanguage\":\"en-US\",\"potentialAction\":[{\"@type\":\"ReadAction\",\"target\":[\"https:\/\/detekta.ca\/en\/get-a-quote\/\"]}]},{\"@type\":\"ImageObject\",\"inLanguage\":\"en-US\",\"@id\":\"https:\/\/detekta.ca\/en\/get-a-quote\/#primaryimage\",\"url\":\"https:\/\/detekta.ca\/wp-content\/uploads\/2016\/10\/detekta-soumission-bg.jpg\",\"contentUrl\":\"https:\/\/detekta.ca\/wp-content\/uploads\/2016\/10\/detekta-soumission-bg.jpg\",\"width\":1280,\"height\":474},{\"@type\":\"WebSite\",\"@id\":\"https:\/\/detekta.ca\/#website\",\"url\":\"https:\/\/detekta.ca\/\",\"name\":\"Detekta Solutions\",\"description\":\"\",\"potentialAction\":[{\"@type\":\"SearchAction\",\"target\":{\"@type\":\"EntryPoint\",\"urlTemplate\":\"https:\/\/detekta.ca\/?s={search_term_string}\"},\"query-input\":{\"@type\":\"PropertyValueSpecification\",\"valueRequired\":true,\"valueName\":\"search_term_string\"}}],\"inLanguage\":\"en-US\"}]}<\/script>\n<!-- \/ Yoast SEO plugin. -->","yoast_head_json":{"title":"Get a Quote - Detekta Solutions","description":"Regardless of the type of application, you can contact us and fill out the following quote form to have a quick response in less than 48 hours.","robots":{"index":"index","follow":"follow","max-snippet":"max-snippet:-1","max-image-preview":"max-image-preview:large","max-video-preview":"max-video-preview:-1"},"canonical":"https:\/\/detekta.ca\/en\/get-a-quote\/","og_locale":"en_US","og_type":"article","og_title":"Get a Quote - Detekta Solutions","og_description":"Regardless of the type of application, you can contact us and fill out the following quote form to have a quick response in less than 48 hours.","og_url":"https:\/\/detekta.ca\/en\/get-a-quote\/","og_site_name":"Detekta Solutions","article_publisher":"https:\/\/www.facebook.com\/detektasolutions\/","article_modified_time":"2025-09-05T05:00:13+00:00","og_image":[{"width":1280,"height":474,"url":"https:\/\/detekta.ca\/wp-content\/uploads\/2016\/10\/detekta-soumission-bg.jpg","type":"image\/jpeg"}],"twitter_card":"summary_large_image","twitter_misc":{"Est. reading time":"1 minute"},"schema":{"@context":"https:\/\/schema.org","@graph":[{"@type":"WebPage","@id":"https:\/\/detekta.ca\/en\/get-a-quote\/","url":"https:\/\/detekta.ca\/en\/get-a-quote\/","name":"Get a Quote - Detekta Solutions","isPartOf":{"@id":"https:\/\/detekta.ca\/#website"},"primaryImageOfPage":{"@id":"https:\/\/detekta.ca\/en\/get-a-quote\/#primaryimage"},"image":{"@id":"https:\/\/detekta.ca\/en\/get-a-quote\/#primaryimage"},"thumbnailUrl":"https:\/\/detekta.ca\/wp-content\/uploads\/2016\/10\/detekta-soumission-bg.jpg","datePublished":"2016-10-03T22:50:36+00:00","dateModified":"2025-09-05T05:00:13+00:00","description":"Regardless of the type of application, you can contact us and fill out the following quote form to have a quick response in less than 48 hours.","inLanguage":"en-US","potentialAction":[{"@type":"ReadAction","target":["https:\/\/detekta.ca\/en\/get-a-quote\/"]}]},{"@type":"ImageObject","inLanguage":"en-US","@id":"https:\/\/detekta.ca\/en\/get-a-quote\/#primaryimage","url":"https:\/\/detekta.ca\/wp-content\/uploads\/2016\/10\/detekta-soumission-bg.jpg","contentUrl":"https:\/\/detekta.ca\/wp-content\/uploads\/2016\/10\/detekta-soumission-bg.jpg","width":1280,"height":474},{"@type":"WebSite","@id":"https:\/\/detekta.ca\/#website","url":"https:\/\/detekta.ca\/","name":"Detekta Solutions","description":"","potentialAction":[{"@type":"SearchAction","target":{"@type":"EntryPoint","urlTemplate":"https:\/\/detekta.ca\/?s={search_term_string}"},"query-input":{"@type":"PropertyValueSpecification","valueRequired":true,"valueName":"search_term_string"}}],"inLanguage":"en-US"}]}},"_links":{"self":[{"href":"https:\/\/detekta.ca\/en\/wp-json\/wp\/v2\/pages\/764","targetHints":{"allow":["GET"]}}],"collection":[{"href":"https:\/\/detekta.ca\/en\/wp-json\/wp\/v2\/pages"}],"about":[{"href":"https:\/\/detekta.ca\/en\/wp-json\/wp\/v2\/types\/page"}],"author":[{"embeddable":true,"href":"https:\/\/detekta.ca\/en\/wp-json\/wp\/v2\/users\/1"}],"replies":[{"embeddable":true,"href":"https:\/\/detekta.ca\/en\/wp-json\/wp\/v2\/comments?post=764"}],"version-history":[{"count":0,"href":"https:\/\/detekta.ca\/en\/wp-json\/wp\/v2\/pages\/764\/revisions"}],"wp:featuredmedia":[{"embeddable":true,"href":"https:\/\/detekta.ca\/en\/wp-json\/wp\/v2\/media\/312"}],"wp:attachment":[{"href":"https:\/\/detekta.ca\/en\/wp-json\/wp\/v2\/media?parent=764"}],"curies":[{"name":"wp","href":"https:\/\/api.w.org\/{rel}","templated":true}]}}