{"id":725,"date":"2016-10-27T18:47:42","date_gmt":"2016-10-27T22:47:42","guid":{"rendered":"http:\/\/detekta.bravad-dev.com\/surveillance-de-la-qualite-dair\/"},"modified":"2025-09-04T23:47:58","modified_gmt":"2025-09-05T03:47:58","slug":"detection-of-portable-gases","status":"publish","type":"page","link":"https:\/\/detekta.ca\/en\/applications\/detection-of-portable-gases\/","title":{"rendered":"Portable Gases"},"content":{"rendered":"<h1><strong>Portable gas detection<\/strong><\/h1>\n<p>The health and safety of your employees at work remain a top priority. Regardless of the application, CO2, oxygen (O2), or toxic vapors from industrial products can impact worker health and safety in both enclosed and open environments. Use Detekta Solutions\u2019 gas detectors to monitor the inherent hazards of storage sites or warehouses, promoting not only safety but also your company\u2019s performance.<\/p>\n<h2><strong>We put safety first<\/strong><\/h2>\n<p>Air circulation often faces its greatest challenges in confined spaces, as these areas are constructed to be partially or fully sealed and are not designed for human occupancy. Whether dealing with tunnels, shafts, manholes, ship holds, tanks, or agricultural silos, never underestimate the risks and consequences of toxic and combustible vapor buildup in such places. To ensure the safety and health of everyone, a variety of gas detection devices are available for use both indoors and outdoors. Concentrations of flammable or toxic gases can cause anything from irritation of the eyes and respiratory tract to severe damage such as explosions or asphyxiation.<\/p>\n<div>\n<div class=\"home-products\"><div class=\"woocommerce columns-4 \"><ul class=\"products columns-4\">\n<li class=\"post-1030 product type-product status-publish has-post-thumbnail product_cat-portable pa_applications-detection-of-toxic-gases pa_applications-landfills pa_applications-confined-spaces pa_applications-warehouses pa_applications-occupational-health-and-safety pa_applications-detection-of-combustible-gases pa_secteurs-activites-aeronautics pa_secteurs-activites-research-centers pa_secteurs-activites-metalugical-industry pa_secteurs-activites-port-industry pa_secteurs-activites-mining-industry pa_secteurs-activites-municipal-en pa_secteurs-activites-electricity-production pa_secteurs-activites-oil-and-gas pa_secteurs-activites-wastewater first instock virtual product-type-simple\"f>\n\t<a href=\"https:\/\/detekta.ca\/en\/product\/bw-clip\/\" class=\"woocommerce-LoopProduct-link woocommerce-loop-product__link\"><div class=\"product-wrap\"><img loading=\"lazy\" decoding=\"async\" width=\"131\" height=\"200\" src=\"https:\/\/detekta.ca\/wp-content\/uploads\/2016\/10\/BW-Clip-1-131x200.jpg\" class=\"attachment-medium size-medium wp-post-image\" alt=\"d\u00e9tecteur sans entretien de la s\u00e9rie BW Clip\" srcset=\"https:\/\/detekta.ca\/wp-content\/uploads\/2016\/10\/BW-Clip-1-131x200.jpg 131w, https:\/\/detekta.ca\/wp-content\/uploads\/2016\/10\/BW-Clip-1-768x1170.jpg 768w, https:\/\/detekta.ca\/wp-content\/uploads\/2016\/10\/BW-Clip-1-672x1024.jpg 672w, https:\/\/detekta.ca\/wp-content\/uploads\/2016\/10\/BW-Clip-1.jpg 1500w\" sizes=\"auto, (max-width: 131px) 100vw, 131px\" \/><\/div><h2 class=\"woocommerce-loop-product__title\">BW Clip<\/h2><div class=\"woocommerce-product-details__short-description\">\n\t<p>The BW Clip Series of single-gas detectors is the most simple, reliable, and economic option to guarantee security, compliance, and productivity.<\/p>\n<\/div>\n\n<\/a><a href=\"https:\/\/detekta.ca\/en\/product\/bw-clip\/\" aria-describedby=\"woocommerce_loop_add_to_cart_link_describedby_1030\" data-quantity=\"1\" class=\"button product_type_simple\" data-product_id=\"1030\" data-product_sku=\"\" aria-label=\"Read more about &ldquo;BW Clip&rdquo;\" rel=\"nofollow\" data-success_message=\"\">[Learn more]<\/a>\t<span id=\"woocommerce_loop_add_to_cart_link_describedby_1030\" class=\"screen-reader-text\">\n\t\t\t<\/span>\n<\/li>\n<li class=\"post-1024 product type-product status-publish has-post-thumbnail product_cat-portable pa_applications-confined-spaces pa_applications-warehouses pa_applications-occupational-health-and-safety pa_applications-detection-of-combustible-gases pa_applications-detection-of-toxic-gases pa_applications-landfills pa_secteurs-activites-research-centers pa_secteurs-activites-metalugical-industry pa_secteurs-activites-port-industry pa_secteurs-activites-mining-industry pa_secteurs-activites-municipal-en pa_secteurs-activites-electricity-production pa_secteurs-activites-oil-and-gas pa_secteurs-activites-wastewater pa_secteurs-activites-aeronautics  instock virtual product-type-simple\"f>\n\t<a href=\"https:\/\/detekta.ca\/en\/product\/gasalertquattro\/\" class=\"woocommerce-LoopProduct-link woocommerce-loop-product__link\"><div class=\"product-wrap\"><img loading=\"lazy\" decoding=\"async\" width=\"200\" height=\"200\" src=\"https:\/\/detekta.ca\/wp-content\/uploads\/2017\/02\/GasAlertQuattro-1-200x200.jpg\" class=\"attachment-medium size-medium wp-post-image\" alt=\"\" srcset=\"https:\/\/detekta.ca\/wp-content\/uploads\/2017\/02\/GasAlertQuattro-1-200x200.jpg 200w, https:\/\/detekta.ca\/wp-content\/uploads\/2017\/02\/GasAlertQuattro-1-150x150.jpg 150w, https:\/\/detekta.ca\/wp-content\/uploads\/2017\/02\/GasAlertQuattro-1-180x180.jpg 180w, https:\/\/detekta.ca\/wp-content\/uploads\/2017\/02\/GasAlertQuattro-1-300x300.jpg 300w, https:\/\/detekta.ca\/wp-content\/uploads\/2017\/02\/GasAlertQuattro-1.jpg 512w\" sizes=\"auto, (max-width: 200px) 100vw, 200px\" \/><\/div><h2 class=\"woocommerce-loop-product__title\">GasAlertQuattro<\/h2><div class=\"woocommerce-product-details__short-description\">\n\t<p>Solid, reliable and complete, the GasAlertQuattro four-gas detector offers a full range of functionality in order to allow simple operation with only one button.<\/p>\n<\/div>\n\n<\/a><a href=\"https:\/\/detekta.ca\/en\/product\/gasalertquattro\/\" aria-describedby=\"woocommerce_loop_add_to_cart_link_describedby_1024\" data-quantity=\"1\" class=\"button product_type_simple\" data-product_id=\"1024\" data-product_sku=\"\" aria-label=\"Read more about &ldquo;GasAlertQuattro&rdquo;\" rel=\"nofollow\" data-success_message=\"\">[Learn more]<\/a>\t<span id=\"woocommerce_loop_add_to_cart_link_describedby_1024\" class=\"screen-reader-text\">\n\t\t\t<\/span>\n<\/li>\n<li class=\"post-1028 product type-product status-publish has-post-thumbnail product_cat-portable pa_applications-warehouses pa_applications-occupational-health-and-safety pa_applications-detection-of-combustible-gases pa_applications-detection-of-toxic-gases pa_applications-landfills pa_applications-confined-spaces pa_secteurs-activites-municipal-en pa_secteurs-activites-electricity-production pa_secteurs-activites-oil-and-gas pa_secteurs-activites-wastewater pa_secteurs-activites-aeronautics pa_secteurs-activites-research-centers pa_secteurs-activites-metalugical-industry pa_secteurs-activites-port-industry pa_secteurs-activites-mining-industry  instock virtual product-type-simple\"f>\n\t<a href=\"https:\/\/detekta.ca\/en\/product\/gasalertmax-xt-ii\/\" class=\"woocommerce-LoopProduct-link woocommerce-loop-product__link\"><div class=\"product-wrap\"><img loading=\"lazy\" decoding=\"async\" width=\"131\" height=\"200\" src=\"https:\/\/detekta.ca\/wp-content\/uploads\/2016\/10\/GasAlertMax-XT-II-1-131x200.jpg\" class=\"attachment-medium size-medium wp-post-image\" alt=\"GasAlertMax XT II\" srcset=\"https:\/\/detekta.ca\/wp-content\/uploads\/2016\/10\/GasAlertMax-XT-II-1-131x200.jpg 131w, https:\/\/detekta.ca\/wp-content\/uploads\/2016\/10\/GasAlertMax-XT-II-1-768x1170.jpg 768w, https:\/\/detekta.ca\/wp-content\/uploads\/2016\/10\/GasAlertMax-XT-II-1-672x1024.jpg 672w, https:\/\/detekta.ca\/wp-content\/uploads\/2016\/10\/GasAlertMax-XT-II-1.jpg 1500w\" sizes=\"auto, (max-width: 131px) 100vw, 131px\" \/><\/div><h2 class=\"woocommerce-loop-product__title\">GasAlertMax XT II<\/h2><div class=\"woocommerce-product-details__short-description\">\n\t<p>Go for long-term reliability and save time and money with the GasAlertMax XT II. It is a smart, simple and inexpensive device that enables you to meet your compliance and security obligations.<\/p>\n<\/div>\n\n<\/a><a href=\"https:\/\/detekta.ca\/en\/product\/gasalertmax-xt-ii\/\" aria-describedby=\"woocommerce_loop_add_to_cart_link_describedby_1028\" data-quantity=\"1\" class=\"button product_type_simple\" data-product_id=\"1028\" data-product_sku=\"\" aria-label=\"Read more about &ldquo;GasAlertMax XT II&rdquo;\" rel=\"nofollow\" data-success_message=\"\">[Learn more]<\/a>\t<span id=\"woocommerce_loop_add_to_cart_link_describedby_1028\" class=\"screen-reader-text\">\n\t\t\t<\/span>\n<\/li>\n<li class=\"post-1019 product type-product status-publish has-post-thumbnail product_cat-commercial product_cat-portable last instock virtual product-type-simple\"f>\n\t<a href=\"https:\/\/detekta.ca\/en\/product\/calibration-equipment\/\" class=\"woocommerce-LoopProduct-link woocommerce-loop-product__link\"><div class=\"product-wrap\"><img loading=\"lazy\" decoding=\"async\" width=\"200\" height=\"200\" src=\"https:\/\/detekta.ca\/wp-content\/uploads\/2017\/02\/bw_calibration_gases-200x200.jpg\" class=\"attachment-medium size-medium wp-post-image\" alt=\"\" srcset=\"https:\/\/detekta.ca\/wp-content\/uploads\/2017\/02\/bw_calibration_gases-200x200.jpg 200w, https:\/\/detekta.ca\/wp-content\/uploads\/2017\/02\/bw_calibration_gases-150x150.jpg 150w, https:\/\/detekta.ca\/wp-content\/uploads\/2017\/02\/bw_calibration_gases-180x180.jpg 180w, https:\/\/detekta.ca\/wp-content\/uploads\/2017\/02\/bw_calibration_gases-300x300.jpg 300w, https:\/\/detekta.ca\/wp-content\/uploads\/2017\/02\/bw_calibration_gases.jpg 500w\" sizes=\"auto, (max-width: 200px) 100vw, 200px\" \/><\/div><h2 class=\"woocommerce-loop-product__title\">Calibration equipment<\/h2><div class=\"woocommerce-product-details__short-description\">\n\t<p>To come up<\/p>\n<\/div>\n\n<\/a><a href=\"https:\/\/detekta.ca\/en\/product\/calibration-equipment\/\" aria-describedby=\"woocommerce_loop_add_to_cart_link_describedby_1019\" data-quantity=\"1\" class=\"button product_type_simple\" data-product_id=\"1019\" data-product_sku=\"\" aria-label=\"Read more about &ldquo;Calibration equipment&rdquo;\" rel=\"nofollow\" data-success_message=\"\">[Learn more]<\/a>\t<span id=\"woocommerce_loop_add_to_cart_link_describedby_1019\" class=\"screen-reader-text\">\n\t\t\t<\/span>\n<\/li>\n<\/ul>\n<\/div>&#8216;<\/div>\n<\/div>\n","protected":false},"excerpt":{"rendered":"","protected":false},"author":1,"featured_media":1436,"parent":767,"menu_order":0,"comment_status":"closed","ping_status":"closed","template":"","meta":{"_acf_changed":false,"footnotes":""},"class_list":["post-725","page","type-page","status-publish","has-post-thumbnail","hentry"],"acf":[],"yoast_head":"<!-- This site is optimized with the Yoast SEO plugin v26.9 - https:\/\/yoast.com\/product\/yoast-seo-wordpress\/ -->\n<title>Portable Gases - Detekta Solutions<\/title>\n<meta name=\"description\" content=\"In order to ensure a safe working environment, CO2 or inherent toxic gases must be monitored in laboratories, ports, and landfills.\" \/>\n<meta name=\"robots\" content=\"index, follow, max-snippet:-1, max-image-preview:large, max-video-preview:-1\" \/>\n<link rel=\"canonical\" href=\"https:\/\/detekta.ca\/en\/applications\/detection-of-portable-gases\/\" \/>\n<meta property=\"og:locale\" content=\"en_US\" \/>\n<meta property=\"og:type\" content=\"article\" \/>\n<meta property=\"og:title\" content=\"Portable Gases - Detekta Solutions\" \/>\n<meta property=\"og:description\" content=\"In order to ensure a safe working environment, CO2 or inherent toxic gases must be monitored in laboratories, ports, and landfills.\" \/>\n<meta property=\"og:url\" content=\"https:\/\/detekta.ca\/en\/applications\/detection-of-portable-gases\/\" \/>\n<meta property=\"og:site_name\" content=\"Detekta Solutions\" \/>\n<meta property=\"article:publisher\" content=\"https:\/\/www.facebook.com\/detektasolutions\/\" \/>\n<meta property=\"article:modified_time\" content=\"2025-09-05T03:47:58+00:00\" \/>\n<meta property=\"og:image\" content=\"https:\/\/detekta.ca\/wp-content\/uploads\/2016\/10\/detection-de-gaz-applications-surveillance-de-la-qualite-dair.jpg\" \/>\n\t<meta property=\"og:image:width\" content=\"1920\" \/>\n\t<meta property=\"og:image:height\" content=\"1280\" \/>\n\t<meta property=\"og:image:type\" content=\"image\/jpeg\" \/>\n<meta name=\"twitter:card\" content=\"summary_large_image\" \/>\n<meta name=\"twitter:label1\" content=\"Est. reading time\" \/>\n\t<meta name=\"twitter:data1\" content=\"2 minutes\" \/>\n<script type=\"application\/ld+json\" class=\"yoast-schema-graph\">{\"@context\":\"https:\/\/schema.org\",\"@graph\":[{\"@type\":\"WebPage\",\"@id\":\"https:\/\/detekta.ca\/en\/applications\/detection-of-portable-gases\/\",\"url\":\"https:\/\/detekta.ca\/en\/applications\/detection-of-portable-gases\/\",\"name\":\"Portable Gases - Detekta Solutions\",\"isPartOf\":{\"@id\":\"https:\/\/detekta.ca\/#website\"},\"primaryImageOfPage\":{\"@id\":\"https:\/\/detekta.ca\/en\/applications\/detection-of-portable-gases\/#primaryimage\"},\"image\":{\"@id\":\"https:\/\/detekta.ca\/en\/applications\/detection-of-portable-gases\/#primaryimage\"},\"thumbnailUrl\":\"https:\/\/detekta.ca\/wp-content\/uploads\/2016\/10\/detection-de-gaz-applications-surveillance-de-la-qualite-dair.jpg\",\"datePublished\":\"2016-10-27T22:47:42+00:00\",\"dateModified\":\"2025-09-05T03:47:58+00:00\",\"description\":\"In order to ensure a safe working environment, CO2 or inherent toxic gases must be monitored in laboratories, ports, and landfills.\",\"breadcrumb\":{\"@id\":\"https:\/\/detekta.ca\/en\/applications\/detection-of-portable-gases\/#breadcrumb\"},\"inLanguage\":\"en-US\",\"potentialAction\":[{\"@type\":\"ReadAction\",\"target\":[\"https:\/\/detekta.ca\/en\/applications\/detection-of-portable-gases\/\"]}]},{\"@type\":\"ImageObject\",\"inLanguage\":\"en-US\",\"@id\":\"https:\/\/detekta.ca\/en\/applications\/detection-of-portable-gases\/#primaryimage\",\"url\":\"https:\/\/detekta.ca\/wp-content\/uploads\/2016\/10\/detection-de-gaz-applications-surveillance-de-la-qualite-dair.jpg\",\"contentUrl\":\"https:\/\/detekta.ca\/wp-content\/uploads\/2016\/10\/detection-de-gaz-applications-surveillance-de-la-qualite-dair.jpg\",\"width\":1920,\"height\":1280,\"caption\":\"Sant\u00e9 et s\u00e9curit\u00e9 industrielles - D\u00e9tection de gaz\"},{\"@type\":\"BreadcrumbList\",\"@id\":\"https:\/\/detekta.ca\/en\/applications\/detection-of-portable-gases\/#breadcrumb\",\"itemListElement\":[{\"@type\":\"ListItem\",\"position\":1,\"name\":\"Applications\",\"item\":\"https:\/\/detekta.ca\/en\/applications\/\"},{\"@type\":\"ListItem\",\"position\":2,\"name\":\"Portable Gases\"}]},{\"@type\":\"WebSite\",\"@id\":\"https:\/\/detekta.ca\/#website\",\"url\":\"https:\/\/detekta.ca\/\",\"name\":\"Detekta Solutions\",\"description\":\"\",\"potentialAction\":[{\"@type\":\"SearchAction\",\"target\":{\"@type\":\"EntryPoint\",\"urlTemplate\":\"https:\/\/detekta.ca\/?s={search_term_string}\"},\"query-input\":{\"@type\":\"PropertyValueSpecification\",\"valueRequired\":true,\"valueName\":\"search_term_string\"}}],\"inLanguage\":\"en-US\"}]}<\/script>\n<!-- \/ Yoast SEO plugin. -->","yoast_head_json":{"title":"Portable Gases - Detekta Solutions","description":"In order to ensure a safe working environment, CO2 or inherent toxic gases must be monitored in laboratories, ports, and landfills.","robots":{"index":"index","follow":"follow","max-snippet":"max-snippet:-1","max-image-preview":"max-image-preview:large","max-video-preview":"max-video-preview:-1"},"canonical":"https:\/\/detekta.ca\/en\/applications\/detection-of-portable-gases\/","og_locale":"en_US","og_type":"article","og_title":"Portable Gases - Detekta Solutions","og_description":"In order to ensure a safe working environment, CO2 or inherent toxic gases must be monitored in laboratories, ports, and landfills.","og_url":"https:\/\/detekta.ca\/en\/applications\/detection-of-portable-gases\/","og_site_name":"Detekta Solutions","article_publisher":"https:\/\/www.facebook.com\/detektasolutions\/","article_modified_time":"2025-09-05T03:47:58+00:00","og_image":[{"width":1920,"height":1280,"url":"https:\/\/detekta.ca\/wp-content\/uploads\/2016\/10\/detection-de-gaz-applications-surveillance-de-la-qualite-dair.jpg","type":"image\/jpeg"}],"twitter_card":"summary_large_image","twitter_misc":{"Est. reading time":"2 minutes"},"schema":{"@context":"https:\/\/schema.org","@graph":[{"@type":"WebPage","@id":"https:\/\/detekta.ca\/en\/applications\/detection-of-portable-gases\/","url":"https:\/\/detekta.ca\/en\/applications\/detection-of-portable-gases\/","name":"Portable Gases - Detekta Solutions","isPartOf":{"@id":"https:\/\/detekta.ca\/#website"},"primaryImageOfPage":{"@id":"https:\/\/detekta.ca\/en\/applications\/detection-of-portable-gases\/#primaryimage"},"image":{"@id":"https:\/\/detekta.ca\/en\/applications\/detection-of-portable-gases\/#primaryimage"},"thumbnailUrl":"https:\/\/detekta.ca\/wp-content\/uploads\/2016\/10\/detection-de-gaz-applications-surveillance-de-la-qualite-dair.jpg","datePublished":"2016-10-27T22:47:42+00:00","dateModified":"2025-09-05T03:47:58+00:00","description":"In order to ensure a safe working environment, CO2 or inherent toxic gases must be monitored in laboratories, ports, and landfills.","breadcrumb":{"@id":"https:\/\/detekta.ca\/en\/applications\/detection-of-portable-gases\/#breadcrumb"},"inLanguage":"en-US","potentialAction":[{"@type":"ReadAction","target":["https:\/\/detekta.ca\/en\/applications\/detection-of-portable-gases\/"]}]},{"@type":"ImageObject","inLanguage":"en-US","@id":"https:\/\/detekta.ca\/en\/applications\/detection-of-portable-gases\/#primaryimage","url":"https:\/\/detekta.ca\/wp-content\/uploads\/2016\/10\/detection-de-gaz-applications-surveillance-de-la-qualite-dair.jpg","contentUrl":"https:\/\/detekta.ca\/wp-content\/uploads\/2016\/10\/detection-de-gaz-applications-surveillance-de-la-qualite-dair.jpg","width":1920,"height":1280,"caption":"Sant\u00e9 et s\u00e9curit\u00e9 industrielles - D\u00e9tection de gaz"},{"@type":"BreadcrumbList","@id":"https:\/\/detekta.ca\/en\/applications\/detection-of-portable-gases\/#breadcrumb","itemListElement":[{"@type":"ListItem","position":1,"name":"Applications","item":"https:\/\/detekta.ca\/en\/applications\/"},{"@type":"ListItem","position":2,"name":"Portable Gases"}]},{"@type":"WebSite","@id":"https:\/\/detekta.ca\/#website","url":"https:\/\/detekta.ca\/","name":"Detekta Solutions","description":"","potentialAction":[{"@type":"SearchAction","target":{"@type":"EntryPoint","urlTemplate":"https:\/\/detekta.ca\/?s={search_term_string}"},"query-input":{"@type":"PropertyValueSpecification","valueRequired":true,"valueName":"search_term_string"}}],"inLanguage":"en-US"}]}},"_links":{"self":[{"href":"https:\/\/detekta.ca\/en\/wp-json\/wp\/v2\/pages\/725","targetHints":{"allow":["GET"]}}],"collection":[{"href":"https:\/\/detekta.ca\/en\/wp-json\/wp\/v2\/pages"}],"about":[{"href":"https:\/\/detekta.ca\/en\/wp-json\/wp\/v2\/types\/page"}],"author":[{"embeddable":true,"href":"https:\/\/detekta.ca\/en\/wp-json\/wp\/v2\/users\/1"}],"replies":[{"embeddable":true,"href":"https:\/\/detekta.ca\/en\/wp-json\/wp\/v2\/comments?post=725"}],"version-history":[{"count":0,"href":"https:\/\/detekta.ca\/en\/wp-json\/wp\/v2\/pages\/725\/revisions"}],"up":[{"embeddable":true,"href":"https:\/\/detekta.ca\/en\/wp-json\/wp\/v2\/pages\/767"}],"wp:featuredmedia":[{"embeddable":true,"href":"https:\/\/detekta.ca\/en\/wp-json\/wp\/v2\/media\/1436"}],"wp:attachment":[{"href":"https:\/\/detekta.ca\/en\/wp-json\/wp\/v2\/media?parent=725"}],"curies":[{"name":"wp","href":"https:\/\/api.w.org\/{rel}","templated":true}]}}